{"id":962,"date":"2021-04-05T09:51:44","date_gmt":"2021-04-05T09:51:44","guid":{"rendered":"https:\/\/eprotect-project.eu\/?page_id=962"},"modified":"2022-03-11T09:23:16","modified_gmt":"2022-03-11T09:23:16","slug":"e-learning","status":"publish","type":"page","link":"https:\/\/eprotect-project.eu\/de\/e-learning\/","title":{"rendered":"e-LEARNING"},"content":{"rendered":"<h2><strong>E-LEARNING<\/strong><\/h2>\n<p><img decoding=\"async\" src=\"\/wp-content\/uploads\/2021\/02\/e_protect_website_e_learning_lne-13.png\" alt=\"\"><\/p>\n<div>\n<p>Der E-Learning-Bereich ist ein One-Stop-Shop, der sofortigen Zugang zu allen digitalen Lernressourcen bietet, die in diesem Projekt entwickelt werden. Das reichhaltige Informationsmaterial ist online frei verf\u00fcgbar f\u00fcr jeden und jede, der oder die mehr \u00fcber Internetsicherheit f\u00fcr \u00e4ltere Menschen lernen m\u00f6chte.\n<\/p>\n<\/div>\n<p>\n    <a href=\"https:\/\/elearning.eprotect-project.eu\/\">Besuchen Sie die Plattform<\/a>\n<\/p>\n<p><!-- {\"name\":\"ELEARNING Final\",\"type\":\"layout\",\"children\":[{\"type\":\"section\",\"props\":{\"style\":\"default\",\"width\":\"default\",\"vertical_align\":\"middle\",\"title_position\":\"top-left\",\"title_rotation\":\"left\",\"title_breakpoint\":\"xl\",\"image_position\":\"center-center\",\"padding_remove_top\":true},\"children\":[{\"type\":\"row\",\"children\":[{\"type\":\"column\",\"props\":{\"image_position\":\"center-center\",\"media_overlay_gradient\":\"\"},\"children\":[{\"type\":\"headline\",\"props\":{\"title_element\":\"h2\",\"content\":\"<strong>E-LEARNING<\\\/strong>\",\"title_color\":\"secondary\",\"title_style\":\"h3\"}}]}]},{\"type\":\"row\",\"props\":{\"layout\":\"1-3,2-3\"},\"children\":[{\"type\":\"column\",\"props\":{\"image_position\":\"center-center\",\"media_overlay_gradient\":\"\",\"width_medium\":\"1-3\"},\"children\":[{\"type\":\"image\",\"props\":{\"margin\":\"default\",\"image_svg_color\":\"emphasis\",\"image\":\"wp-content\\\/uploads\\\/2021\\\/02\\\/e_protect_website_e_learning_lne-13.png\",\"class\":\"el-image-mobile\"}}]},{\"type\":\"column\",\"props\":{\"image_position\":\"center-center\",\"media_overlay_gradient\":\"\",\"width_medium\":\"2-3\",\"vertical_align\":\"middle\"},\"children\":[{\"type\":\"text\",\"props\":{\"margin\":\"default\",\"column_breakpoint\":\"m\",\"content\":\"\n\n<p>Der E-Learning-Bereich ist ein One-Stop-Shop, der sofortigen Zugang zu allen digitalen Lernressourcen bietet, die in diesem Projekt entwickelt werden. Das reichhaltige Informationsmaterial ist online frei verf\\u00fcgbar f\\u00fcr jeden und jede, der oder die mehr \\u00fcber Internetsicherheit f\\u00fcr \\u00e4ltere Menschen lernen m\\u00f6chte.\\n<\\\/p>\",\"css\":\".el-element{\\ncolor:#333;\\n}\"}},{\"type\":\"button\",\"props\":{\"grid_column_gap\":\"small\",\"grid_row_gap\":\"small\",\"margin\":\"default\"},\"children\":[{\"type\":\"button_item\",\"props\":{\"button_style\":\"secondary\",\"icon_align\":\"left\",\"content\":\"Besuchen Sie die Plattform\",\"link\":\"https:\\\/\\\/elearning.eprotect-project.eu\\\/\",\"link_target\":\"blank\"}}]}]}]}]}],\"version\":\"2.3.31\"} --><\/p>\n","protected":false},"excerpt":{"rendered":"<p>E-LEARNING Der E-Learning-Bereich ist ein One-Stop-Shop, der sofortigen Zugang zu allen digitalen Lernressourcen bietet, die in diesem Projekt entwickelt werden&#8230;.<\/p>\n","protected":false},"author":3,"featured_media":0,"parent":0,"menu_order":0,"comment_status":"closed","ping_status":"closed","template":"","meta":{"_acf_changed":false,"footnotes":""},"class_list":["post-962","page","type-page","status-publish","hentry"],"acf":[],"_links":{"self":[{"href":"https:\/\/eprotect-project.eu\/de\/wp-json\/wp\/v2\/pages\/962","targetHints":{"allow":["GET"]}}],"collection":[{"href":"https:\/\/eprotect-project.eu\/de\/wp-json\/wp\/v2\/pages"}],"about":[{"href":"https:\/\/eprotect-project.eu\/de\/wp-json\/wp\/v2\/types\/page"}],"author":[{"embeddable":true,"href":"https:\/\/eprotect-project.eu\/de\/wp-json\/wp\/v2\/users\/3"}],"replies":[{"embeddable":true,"href":"https:\/\/eprotect-project.eu\/de\/wp-json\/wp\/v2\/comments?post=962"}],"version-history":[{"count":4,"href":"https:\/\/eprotect-project.eu\/de\/wp-json\/wp\/v2\/pages\/962\/revisions"}],"predecessor-version":[{"id":2150,"href":"https:\/\/eprotect-project.eu\/de\/wp-json\/wp\/v2\/pages\/962\/revisions\/2150"}],"wp:attachment":[{"href":"https:\/\/eprotect-project.eu\/de\/wp-json\/wp\/v2\/media?parent=962"}],"curies":[{"name":"wp","href":"https:\/\/api.w.org\/{rel}","templated":true}]}}