{"id":964,"date":"2021-04-05T09:52:01","date_gmt":"2021-04-05T09:52:01","guid":{"rendered":"https:\/\/eprotect-project.eu\/?page_id=964"},"modified":"2022-09-01T17:04:42","modified_gmt":"2022-09-01T17:04:42","slug":"ressourcen","status":"publish","type":"page","link":"https:\/\/eprotect-project.eu\/de\/ressourcen\/","title":{"rendered":"RESSOURCEN"},"content":{"rendered":"<h2><strong>Ressourcen<\/strong><\/h2>\n<p><img decoding=\"async\" src=\"\/wp-content\/uploads\/2021\/02\/Group-1101.png\" alt=\"\"><\/p>\n<div>\n<p>Im weiteren Verlauf des Projekts finden Sie hier die Kompetenzskala f\u00fcr digitalen Verbraucher- und Datenschutz, das Train-the-Trainer-Toolkit sowie weitere n\u00fctzliche Materialien, die w\u00e4hrend des Projektes erstellt werden.\n<\/p>\n<\/div>\n<h2>KOMPETENZSKALA<\/h2>\n<p><img decoding=\"async\" src=\"\/wp-content\/uploads\/2021\/04\/Group-1172.png\" alt=\"\"><\/p>\n<div>\n<p>Die Kompetenzskala f\u00fcr Verbraucher- und Datenschutzkompetenzen f\u00fcr \u00e4ltere Menschen ist ein n\u00fctzliches Instrument sowohl f\u00fcr \u00e4ltere Menschen als auch f\u00fcr Fachkr\u00e4fte, die damit arbeiten. Sie bietet einen klaren \u00dcberblick \u00fcber die notwendigen Kompetenzen und den Schulungsbedarf f\u00fcr Internetsicherheit. Die Kompetenzskala kann als bequeme M\u00f6glichkeit genutzt werden, um die Wirksamkeit \u00e4lterer Menschen in Bezug auf diese Kompetenzen zu messen.\n<\/p>\n<\/div>\n<p>\n    <a href=\"https:\/\/eprotect-project.eu\/de\/ressourcen\/competency-scale\/\">Mehr<\/a>\n<\/p>\n<h2>TRAIN THE TRAINER TOOLKIT<\/h2>\n<p><img decoding=\"async\" src=\"\/wp-content\/uploads\/2021\/04\/Group-1173.png\" alt=\"\"><\/p>\n<div>\n<p>Das e-Protect Train-the-Trainer-Toolkit unterst\u00fctzt den Kapazit\u00e4tsaufbau der Erwachsenenbildner bei der Umsetzung des innovativen Schulungsprogramms f\u00fcr \u00e4ltere Menschen. Es vermittelt Wissen und Verst\u00e4ndnis \u00fcber die Lehrpl\u00e4ne, Anleitungen zur Vorbereitung des Trainingsprogramms, Unterrichtsmaterialien und Tipps und Ratschl\u00e4ge f\u00fcr die m\u00f6gliche Beziehung des Erwachsenenbildners zu den \u00e4lteren Teilnehmenden.\n<\/p>\n<\/div>\n<p>\n    <a href=\"https:\/\/eprotect-project.eu\/wp-content\/uploads\/2022\/09\/e-protect_Toolkit_DE1.pdf\">Mehr<\/a>\n<\/p>\n<h2>ZUS\u00c4TZLICHE MATERIALIEN<\/h2>\n<p><img decoding=\"async\" src=\"\/wp-content\/uploads\/2021\/04\/Group-1174.png\" alt=\"\"><\/p>\n<div>\n<p>Relevantes Material zum Verbraucher- und Datenschutz f\u00fcr \u00e4ltere Menschen, die das Internet nutzen, sowie verschiedene Berichte \u00fcber die Umsetzung des Projekts finden Sie hier.\n<\/p>\n<\/div>\n<ul>\n<li>\n        <a href=\"https:\/\/eprotect-project.eu\/wp-content\/uploads\/2021\/07\/e-protect_Desk-Research_AT.pdf\">Austria Report<\/a>\n    <\/li>\n<li>\n        <a href=\"https:\/\/eprotect-project.eu\/wp-content\/uploads\/2021\/07\/e-protect_Desk-Research_CY1.pdf\">Cyprus Report<\/a>\n    <\/li>\n<li>\n        <a href=\"https:\/\/eprotect-project.eu\/wp-content\/uploads\/2021\/07\/NationalReport_Greece_final.pdf\">Greece Report<\/a>\n    <\/li>\n<li>\n        <a href=\"https:\/\/eprotect-project.eu\/wp-content\/uploads\/2021\/07\/e-protect_National-Report_France.pdf\">France Report<\/a>\n    <\/li>\n<li>\n        <a href=\"https:\/\/eprotect-project.eu\/wp-content\/uploads\/2021\/07\/e-Protect_IO1-Desk-research_CH.pdf\">Switzerland Report<\/a>\n    <\/li>\n<\/ul>\n<p>\n    <a href=\"https:\/\/eprotect-project.eu\/wp-content\/uploads\/2021\/07\/e-protect_\u0399\u039f1.\u03911.-Desk-research_Transnational-Report.pdf\">Transnational Report<\/a>\n<\/p>\n<h2>INFOMATERIAL<\/h2>\n<p><img decoding=\"async\" src=\"\/wp-content\/uploads\/2021\/04\/e_protect_promotional_material_lne-14-2.png\" alt=\"\"><\/p>\n<div>\n<p>Im Rahmen der Projektpromotion k\u00f6nnen Sie hier den Flyer mit den wichtigsten Informationen zum Projekt herunterladen und in Ihren Netzwerken teilen.<\/p>\n<\/div>\n<p>\n    <a href=\"\/wp-content\/uploads\/2021\/04\/e_protect_flyer_23032021_DE.pdf\">Flyer herunterladen<\/a>\n<\/p>\n<p><!-- {\"name\":\"RESOURCES FINAL\",\"type\":\"layout\",\"children\":[{\"type\":\"section\",\"props\":{\"style\":\"default\",\"width\":\"default\",\"vertical_align\":\"middle\",\"title_position\":\"top-left\",\"title_rotation\":\"left\",\"title_breakpoint\":\"xl\",\"image_position\":\"center-center\",\"padding_remove_top\":true},\"children\":[{\"type\":\"row\",\"children\":[{\"type\":\"column\",\"props\":{\"image_position\":\"center-center\",\"media_overlay_gradient\":\"\"},\"children\":[{\"type\":\"headline\",\"props\":{\"title_element\":\"h2\",\"content\":\"<strong>Ressourcen<\\\/strong>\",\"title_color\":\"secondary\",\"title_style\":\"h3\"}}]}]},{\"type\":\"row\",\"props\":{\"layout\":\"1-3,2-3\"},\"children\":[{\"type\":\"column\",\"props\":{\"image_position\":\"center-center\",\"media_overlay_gradient\":\"\",\"width_medium\":\"1-3\"},\"children\":[{\"type\":\"image\",\"props\":{\"margin\":\"default\",\"image_svg_color\":\"emphasis\",\"image\":\"wp-content\\\/uploads\\\/2021\\\/02\\\/Group-1101.png\",\"class\":\"el-image-mobile  el-image-minus15\",\"text_align\":\"center\",\"maxwidth\":\"xlarge\",\"block_align\":\"center\"}}]},{\"type\":\"column\",\"props\":{\"image_position\":\"center-center\",\"media_overlay_gradient\":\"\",\"width_medium\":\"2-3\",\"vertical_align\":\"middle\"},\"children\":[{\"type\":\"text\",\"props\":{\"margin\":\"default\",\"column_breakpoint\":\"m\",\"content\":\"\n\n<p>Im weiteren Verlauf des Projekts finden Sie hier die Kompetenzskala f\\u00fcr digitalen Verbraucher- und Datenschutz, das Train-the-Trainer-Toolkit sowie weitere n\\u00fctzliche Materialien, die w\\u00e4hrend des Projektes erstellt werden.\\n<\\\/p>\",\"css\":\".el-element{\\ncolor:#333;\\n}\"}}]}]}]},{\"type\":\"section\",\"props\":{\"style\":\"default\",\"width\":\"default\",\"vertical_align\":\"middle\",\"title_position\":\"top-left\",\"title_rotation\":\"left\",\"title_breakpoint\":\"xl\",\"image_position\":\"center-center\"},\"children\":[{\"type\":\"row\",\"props\":{\"layout\":\"1-3,2-3\"},\"children\":[{\"type\":\"column\",\"props\":{\"image_position\":\"center-center\",\"media_overlay_gradient\":\"\",\"width_medium\":\"1-3\"},\"children\":[{\"type\":\"headline\",\"props\":{\"title_element\":\"h2\",\"text_align\":\"center\",\"content\":\"KOMPETENZSKALA\",\"maxwidth\":\"medium\",\"block_align\":\"center\",\"title_style\":\"h2\",\"margin_remove_top\":true,\"margin_remove_bottom\":true,\"class\":\"resources-p\",\"css\":\".el-element{background-color: #fff;\\ncolor: #F4A362;\\nborder: 1px solid #F4A362;\\nborder-radius: 30px;\\n\\npadding-top: 7px;\\npadding-bottom: 7px;\\nfont-size: 21px;\\nposition: relative;\\nmargin-bottom: -43px !important;\\ntransition: all 1s ease-out;\\ntransition-delay: 0.5s;}\"},\"modified\":\"2021-04-05T07:42:01.830Z\",\"name\":\"header-collide\"},{\"type\":\"image\",\"props\":{\"margin\":\"default\",\"image_svg_color\":\"emphasis\",\"image\":\"wp-content\\\/uploads\\\/2021\\\/04\\\/Group-1172.png\",\"maxwidth\":\"large\",\"block_align\":\"center\",\"text_align\":\"center\",\"css\":\".el-element{\\n\\n \\n   \\n}\",\"class\":\" el-image-minus15\"},\"modified\":\"2021-04-05T07:42:16.844Z\",\"name\":\"image-collide\"}]},{\"type\":\"column\",\"props\":{\"image_position\":\"center-center\",\"media_overlay_gradient\":\"\",\"width_medium\":\"2-3\",\"vertical_align\":\"middle\"},\"children\":[{\"type\":\"text\",\"props\":{\"margin\":\"default\",\"column_breakpoint\":\"m\",\"content\":\"\n\n<p>Die Kompetenzskala f\\u00fcr Verbraucher- und Datenschutzkompetenzen f\\u00fcr \\u00e4ltere Menschen ist ein n\\u00fctzliches Instrument sowohl f\\u00fcr \\u00e4ltere Menschen als auch f\\u00fcr Fachkr\\u00e4fte, die damit arbeiten. Sie bietet einen klaren \\u00dcberblick \\u00fcber die notwendigen Kompetenzen und den Schulungsbedarf f\\u00fcr Internetsicherheit. Die Kompetenzskala kann als bequeme M\\u00f6glichkeit genutzt werden, um die Wirksamkeit \\u00e4lterer Menschen in Bezug auf diese Kompetenzen zu messen.\\n<\\\/p>\",\"css\":\".el-element{\\ncolor:#333;\\n}\"}},{\"type\":\"button\",\"props\":{\"grid_column_gap\":\"small\",\"grid_row_gap\":\"small\",\"margin\":\"default\"},\"children\":[{\"type\":\"button_item\",\"props\":{\"button_style\":\"secondary\",\"icon_align\":\"left\",\"content\":\"Mehr\",\"link\":\"https:\\\/\\\/eprotect-project.eu\\\/de\\\/ressourcen\\\/competency-scale\\\/\"}}]}]}]}]},{\"type\":\"section\",\"props\":{\"style\":\"default\",\"width\":\"default\",\"vertical_align\":\"middle\",\"title_position\":\"top-left\",\"title_rotation\":\"left\",\"title_breakpoint\":\"xl\",\"image_position\":\"center-center\"},\"children\":[{\"type\":\"row\",\"props\":{\"layout\":\"1-3,2-3\"},\"children\":[{\"type\":\"column\",\"props\":{\"image_position\":\"center-center\",\"media_overlay_gradient\":\"\",\"width_medium\":\"1-3\"},\"children\":[{\"type\":\"headline\",\"props\":{\"title_element\":\"h2\",\"text_align\":\"center\",\"content\":\"TRAIN THE TRAINER TOOLKIT\",\"maxwidth\":\"medium\",\"block_align\":\"center\",\"title_style\":\"h2\",\"margin_remove_top\":true,\"margin_remove_bottom\":true,\"class\":\"resources-p\",\"css\":\".el-element{background-color: #fff;\\ncolor: #F4A362;\\nborder: 1px solid #F4A362;\\nborder-radius: 30px;\\n\\npadding-top: 7px;\\npadding-bottom: 7px;\\nfont-size: 21px;\\nposition: relative;\\nmargin-bottom: -43px !important;\\ntransition: all 1s ease-out;\\ntransition-delay: 0.5s;}\"},\"modified\":\"2021-04-05T07:42:01.830Z\",\"name\":\"header-collide\"},{\"type\":\"image\",\"props\":{\"margin\":\"default\",\"image_svg_color\":\"emphasis\",\"image\":\"wp-content\\\/uploads\\\/2021\\\/04\\\/Group-1173.png\",\"maxwidth\":\"large\",\"block_align\":\"center\",\"text_align\":\"center\",\"css\":\".el-element{\\n\\n \\n   \\n}\",\"class\":\" el-image-minus15\"},\"modified\":\"2021-04-05T07:42:16.844Z\",\"name\":\"image-collide\"}]},{\"type\":\"column\",\"props\":{\"image_position\":\"center-center\",\"media_overlay_gradient\":\"\",\"width_medium\":\"2-3\",\"vertical_align\":\"middle\"},\"children\":[{\"type\":\"text\",\"props\":{\"margin\":\"default\",\"column_breakpoint\":\"m\",\"content\":\"\n\n<p>Das e-Protect Train-the-Trainer-Toolkit unterst\\u00fctzt den Kapazit\\u00e4tsaufbau der Erwachsenenbildner bei der Umsetzung des innovativen Schulungsprogramms f\\u00fcr \\u00e4ltere Menschen. Es vermittelt Wissen und Verst\\u00e4ndnis \\u00fcber die Lehrpl\\u00e4ne, Anleitungen zur Vorbereitung des Trainingsprogramms, Unterrichtsmaterialien und Tipps und Ratschl\\u00e4ge f\\u00fcr die m\\u00f6gliche Beziehung des Erwachsenenbildners zu den \\u00e4lteren Teilnehmenden.\\n<\\\/p>\",\"css\":\".el-element{\\ncolor:#333;\\n}\"}},{\"type\":\"button\",\"props\":{\"grid_column_gap\":\"small\",\"grid_row_gap\":\"small\",\"margin\":\"default\"},\"children\":[{\"type\":\"button_item\",\"props\":{\"button_style\":\"secondary\",\"icon_align\":\"left\",\"content\":\"Mehr\",\"link\":\"https:\\\/\\\/eprotect-project.eu\\\/wp-content\\\/uploads\\\/2022\\\/09\\\/e-protect_Toolkit_DE1.pdf\"}}]}]}]}]},{\"type\":\"section\",\"props\":{\"style\":\"default\",\"width\":\"default\",\"vertical_align\":\"middle\",\"title_position\":\"top-left\",\"title_rotation\":\"left\",\"title_breakpoint\":\"xl\",\"image_position\":\"center-center\"},\"children\":[{\"type\":\"row\",\"props\":{\"layout\":\"1-3,2-3\"},\"children\":[{\"type\":\"column\",\"props\":{\"image_position\":\"center-center\",\"media_overlay_gradient\":\"\",\"width_medium\":\"1-3\"},\"children\":[{\"type\":\"headline\",\"props\":{\"title_element\":\"h2\",\"text_align\":\"center\",\"content\":\"ZUS\\u00c4TZLICHE MATERIALIEN\",\"maxwidth\":\"medium\",\"block_align\":\"center\",\"title_style\":\"h2\",\"margin_remove_top\":true,\"margin_remove_bottom\":true,\"class\":\"resources-p\",\"css\":\".el-element{background-color: #fff;\\ncolor: #F4A362;\\nborder: 1px solid #F4A362;\\nborder-radius: 30px;\\n\\npadding-top: 7px;\\npadding-bottom: 7px;\\nfont-size: 21px;\\nposition: relative;\\nmargin-bottom: -43px !important;\\ntransition: all 1s ease-out;\\ntransition-delay: 0.5s;}\"},\"modified\":\"2021-04-05T07:42:01.830Z\",\"name\":\"header-collide\"},{\"type\":\"image\",\"props\":{\"margin\":\"default\",\"image_svg_color\":\"emphasis\",\"image\":\"wp-content\\\/uploads\\\/2021\\\/04\\\/Group-1174.png\",\"maxwidth\":\"large\",\"block_align\":\"center\",\"text_align\":\"center\",\"css\":\".el-element{\\n\\n \\n   \\n}\",\"class\":\" el-image-minus15\"},\"modified\":\"2021-04-05T07:42:16.844Z\",\"name\":\"image-collide\"}]},{\"type\":\"column\",\"props\":{\"image_position\":\"center-center\",\"media_overlay_gradient\":\"\",\"width_medium\":\"2-3\",\"vertical_align\":\"middle\"},\"children\":[{\"type\":\"text\",\"props\":{\"margin\":\"default\",\"column_breakpoint\":\"m\",\"content\":\"\n\n<p>Relevantes Material zum Verbraucher- und Datenschutz f\\u00fcr \\u00e4ltere Menschen, die das Internet nutzen, sowie verschiedene Berichte \\u00fcber die Umsetzung des Projekts finden Sie hier.\\n<\\\/p>\",\"css\":\".el-element{\\ncolor:#333;\\n}\"}},{\"type\":\"button\",\"props\":{\"grid_column_gap\":\"small\",\"grid_row_gap\":\"small\",\"margin\":\"default\",\"css\":\".el-content{padding-left:10px;padding-right:10px;}\",\"text_align\":\"center\"},\"children\":[{\"type\":\"button_item\",\"props\":{\"button_style\":\"secondary\",\"icon_align\":\"left\",\"content\":\"Austria Report\",\"link\":\"https:\\\/\\\/eprotect-project.eu\\\/wp-content\\\/uploads\\\/2021\\\/07\\\/e-protect_Desk-Research_AT.pdf\",\"link_target\":\"blank\"}},{\"type\":\"button_item\",\"props\":{\"button_style\":\"secondary\",\"icon_align\":\"left\",\"content\":\"Cyprus Report\",\"link\":\"https:\\\/\\\/eprotect-project.eu\\\/wp-content\\\/uploads\\\/2021\\\/07\\\/e-protect_Desk-Research_CY1.pdf\",\"link_target\":\"blank\"}},{\"type\":\"button_item\",\"props\":{\"button_style\":\"secondary\",\"icon_align\":\"left\",\"content\":\"Greece Report\",\"link\":\"https:\\\/\\\/eprotect-project.eu\\\/wp-content\\\/uploads\\\/2021\\\/07\\\/NationalReport_Greece_final.pdf\",\"link_target\":\"blank\"}},{\"type\":\"button_item\",\"props\":{\"button_style\":\"secondary\",\"icon_align\":\"left\",\"content\":\"France Report\",\"link\":\"https:\\\/\\\/eprotect-project.eu\\\/wp-content\\\/uploads\\\/2021\\\/07\\\/e-protect_National-Report_France.pdf\",\"link_target\":\"blank\"}},{\"type\":\"button_item\",\"props\":{\"button_style\":\"secondary\",\"icon_align\":\"left\",\"content\":\"Switzerland Report\",\"link\":\"https:\\\/\\\/eprotect-project.eu\\\/wp-content\\\/uploads\\\/2021\\\/07\\\/e-Protect_IO1-Desk-research_CH.pdf\",\"link_target\":\"blank\"}}],\"modified\":\"2021-07-27T09:58:52.642Z\",\"name\":\"btn1\"},{\"type\":\"button\",\"props\":{\"grid_column_gap\":\"small\",\"grid_row_gap\":\"small\",\"margin\":\"default\",\"fullwidth\":true,\"css\":\".uk-button-secondary {\\nbackground-color: #26A380 !important;\\ncolor:#fff !important;}\\n\\n.uk-button-secondary:hover {\\nbackground-color: #F4A362 !important;\\n    border-color:#F4A362 !important;\\ncolor:#fff !important;}\"},\"children\":[{\"type\":\"button_item\",\"props\":{\"button_style\":\"secondary\",\"icon_align\":\"left\",\"content\":\"Transnational Report\",\"link\":\"https:\\\/\\\/eprotect-project.eu\\\/wp-content\\\/uploads\\\/2021\\\/07\\\/e-protect_\\u0399\\u039f1.\\u03911.-Desk-research_Transnational-Report.pdf\",\"link_target\":\"blank\"}}],\"modified\":\"2021-07-27T09:58:56.977Z\",\"name\":\"btn2\"}]}]}]},{\"type\":\"section\",\"props\":{\"style\":\"default\",\"width\":\"default\",\"vertical_align\":\"middle\",\"title_position\":\"top-left\",\"title_rotation\":\"left\",\"title_breakpoint\":\"xl\",\"image_position\":\"center-center\"},\"children\":[{\"type\":\"row\",\"props\":{\"layout\":\"1-3,2-3\"},\"children\":[{\"type\":\"column\",\"props\":{\"image_position\":\"center-center\",\"media_overlay_gradient\":\"\",\"width_medium\":\"1-3\"},\"children\":[{\"type\":\"headline\",\"props\":{\"title_element\":\"h2\",\"text_align\":\"center\",\"content\":\"INFOMATERIAL\",\"maxwidth\":\"medium\",\"block_align\":\"center\",\"title_style\":\"h2\",\"margin_remove_top\":true,\"margin_remove_bottom\":true,\"class\":\"resources-p\",\"css\":\".el-element{background-color: #fff;\\ncolor: #F4A362;\\nborder: 1px solid #F4A362;\\nborder-radius: 30px;\\n\\npadding-top: 7px;\\npadding-bottom: 7px;\\nfont-size: 21px;\\nposition: relative;\\nmargin-bottom: -43px !important;\\ntransition: all 1s ease-out;\\ntransition-delay: 0.5s;}\"},\"modified\":\"2021-04-05T07:42:01.830Z\",\"name\":\"header-collide\"},{\"type\":\"image\",\"props\":{\"margin\":\"default\",\"image_svg_color\":\"emphasis\",\"image\":\"wp-content\\\/uploads\\\/2021\\\/04\\\/e_protect_promotional_material_lne-14-2.png\",\"maxwidth\":\"large\",\"block_align\":\"center\",\"text_align\":\"center\",\"css\":\".el-element{\\n\\n \\n   \\n}\",\"class\":\" el-image-minus15\"},\"modified\":\"2021-04-05T07:42:16.844Z\",\"name\":\"image-collide\"}]},{\"type\":\"column\",\"props\":{\"image_position\":\"center-center\",\"media_overlay_gradient\":\"\",\"width_medium\":\"2-3\",\"vertical_align\":\"middle\"},\"children\":[{\"type\":\"text\",\"props\":{\"margin\":\"default\",\"column_breakpoint\":\"m\",\"content\":\"\n\n<p>Im Rahmen der Projektpromotion k\\u00f6nnen Sie hier den Flyer mit den wichtigsten Informationen zum Projekt herunterladen und in Ihren Netzwerken teilen.<\\\/p>\",\"css\":\".el-element{\\ncolor:#333;\\n}\"}},{\"type\":\"button\",\"props\":{\"grid_column_gap\":\"small\",\"grid_row_gap\":\"small\",\"margin\":\"default\"},\"children\":[{\"type\":\"button_item\",\"props\":{\"button_style\":\"secondary\",\"icon_align\":\"left\",\"content\":\"Flyer herunterladen\",\"link\":\"wp-content\\\/uploads\\\/2021\\\/04\\\/e_protect_flyer_23032021_DE.pdf\",\"link_target\":\"blank\"}}]}]}]}],\"modified\":\"2021-04-15T09:12:20.706Z\",\"name\":\"promo section\"}],\"version\":\"2.3.31\"} --><\/p>\n","protected":false},"excerpt":{"rendered":"<p>Ressourcen Im weiteren Verlauf des Projekts finden Sie hier die Kompetenzskala f\u00fcr digitalen Verbraucher- und Datenschutz, das Train-the-Trainer-Toolkit sowie weitere&#8230;<\/p>\n","protected":false},"author":3,"featured_media":0,"parent":0,"menu_order":0,"comment_status":"closed","ping_status":"closed","template":"","meta":{"_acf_changed":false,"footnotes":""},"class_list":["post-964","page","type-page","status-publish","hentry"],"acf":[],"_links":{"self":[{"href":"https:\/\/eprotect-project.eu\/de\/wp-json\/wp\/v2\/pages\/964","targetHints":{"allow":["GET"]}}],"collection":[{"href":"https:\/\/eprotect-project.eu\/de\/wp-json\/wp\/v2\/pages"}],"about":[{"href":"https:\/\/eprotect-project.eu\/de\/wp-json\/wp\/v2\/types\/page"}],"author":[{"embeddable":true,"href":"https:\/\/eprotect-project.eu\/de\/wp-json\/wp\/v2\/users\/3"}],"replies":[{"embeddable":true,"href":"https:\/\/eprotect-project.eu\/de\/wp-json\/wp\/v2\/comments?post=964"}],"version-history":[{"count":17,"href":"https:\/\/eprotect-project.eu\/de\/wp-json\/wp\/v2\/pages\/964\/revisions"}],"predecessor-version":[{"id":2653,"href":"https:\/\/eprotect-project.eu\/de\/wp-json\/wp\/v2\/pages\/964\/revisions\/2653"}],"wp:attachment":[{"href":"https:\/\/eprotect-project.eu\/de\/wp-json\/wp\/v2\/media?parent=964"}],"curies":[{"name":"wp","href":"https:\/\/api.w.org\/{rel}","templated":true}]}}