{"id":894,"date":"2021-04-05T08:37:55","date_gmt":"2021-04-05T08:37:55","guid":{"rendered":"https:\/\/eprotect-project.eu\/?page_id=894"},"modified":"2022-03-11T09:23:55","modified_gmt":"2022-03-11T09:23:55","slug":"e-learning","status":"publish","type":"page","link":"https:\/\/eprotect-project.eu\/fr\/e-learning\/","title":{"rendered":"E-LEARNING"},"content":{"rendered":"<h2><strong>E-LEARNING<\/strong><\/h2>\n<p><img decoding=\"async\" src=\"\/wp-content\/uploads\/2021\/02\/e_protect_website_e_learning_lne-13.png\" alt=\"\"><\/p>\n<div>\n<p>L&rsquo;espace d&rsquo;apprentissage en ligne est un guichet unique offrant un acc\u00e8s instantan\u00e9 \u00e0 l&rsquo;ensemble des ressources d&rsquo;apprentissage num\u00e9riques d\u00e9velopp\u00e9es dans le cadre de ce projet. Une grande vari\u00e9t\u00e9 de mat\u00e9riel mis \u00e0 disposition gratuitement en ligne pour tous ceux qui souhaitent en savoir plus sur la protection et la s\u00e9curit\u00e9 des seniors sur Internet.<\/p>\n<\/div>\n<p>\n    <a href=\"https:\/\/elearning.eprotect-project.eu\/\">Visitez la plateforme<\/a>\n<\/p>\n<p><!-- {\"name\":\"ELEARNING Final\",\"type\":\"layout\",\"children\":[{\"type\":\"section\",\"props\":{\"style\":\"default\",\"width\":\"default\",\"vertical_align\":\"middle\",\"title_position\":\"top-left\",\"title_rotation\":\"left\",\"title_breakpoint\":\"xl\",\"image_position\":\"center-center\",\"padding_remove_top\":true},\"children\":[{\"type\":\"row\",\"children\":[{\"type\":\"column\",\"props\":{\"image_position\":\"center-center\",\"media_overlay_gradient\":\"\"},\"children\":[{\"type\":\"headline\",\"props\":{\"title_element\":\"h2\",\"content\":\"<strong>E-LEARNING<\\\/strong>\",\"title_color\":\"secondary\",\"title_style\":\"h3\"}}]}]},{\"type\":\"row\",\"props\":{\"layout\":\"1-3,2-3\"},\"children\":[{\"type\":\"column\",\"props\":{\"image_position\":\"center-center\",\"media_overlay_gradient\":\"\",\"width_medium\":\"1-3\"},\"children\":[{\"type\":\"image\",\"props\":{\"margin\":\"default\",\"image_svg_color\":\"emphasis\",\"image\":\"wp-content\\\/uploads\\\/2021\\\/02\\\/e_protect_website_e_learning_lne-13.png\",\"class\":\"el-image-mobile\"}}]},{\"type\":\"column\",\"props\":{\"image_position\":\"center-center\",\"media_overlay_gradient\":\"\",\"width_medium\":\"2-3\",\"vertical_align\":\"middle\"},\"children\":[{\"type\":\"text\",\"props\":{\"margin\":\"default\",\"column_breakpoint\":\"m\",\"content\":\"\n\n<p>L'espace d'apprentissage en ligne est un guichet unique offrant un acc\\u00e8s instantan\\u00e9 \\u00e0 l'ensemble des ressources d'apprentissage num\\u00e9riques d\\u00e9velopp\\u00e9es dans le cadre de ce projet. Une grande vari\\u00e9t\\u00e9 de mat\\u00e9riel mis \\u00e0 disposition gratuitement en ligne pour tous ceux qui souhaitent en savoir plus sur la protection et la s\\u00e9curit\\u00e9 des seniors sur Internet.<\\\/p>\",\"css\":\".el-element{\\ncolor:#333;\\n}\"}},{\"type\":\"button\",\"props\":{\"grid_column_gap\":\"small\",\"grid_row_gap\":\"small\",\"margin\":\"default\"},\"children\":[{\"type\":\"button_item\",\"props\":{\"button_style\":\"secondary\",\"icon_align\":\"left\",\"content\":\"Visitez la plateforme\",\"link\":\"https:\\\/\\\/elearning.eprotect-project.eu\\\/\",\"link_target\":\"blank\"}}]}]}]}]}],\"version\":\"2.3.31\"} --><\/p>\n","protected":false},"excerpt":{"rendered":"<p>E-LEARNING L&rsquo;espace d&rsquo;apprentissage en ligne est un guichet unique offrant un acc\u00e8s instantan\u00e9 \u00e0 l&rsquo;ensemble des ressources d&rsquo;apprentissage num\u00e9riques d\u00e9velopp\u00e9es&#8230;<\/p>\n","protected":false},"author":3,"featured_media":0,"parent":0,"menu_order":0,"comment_status":"closed","ping_status":"closed","template":"","meta":{"_acf_changed":false,"footnotes":""},"class_list":["post-894","page","type-page","status-publish","hentry"],"acf":[],"_links":{"self":[{"href":"https:\/\/eprotect-project.eu\/fr\/wp-json\/wp\/v2\/pages\/894","targetHints":{"allow":["GET"]}}],"collection":[{"href":"https:\/\/eprotect-project.eu\/fr\/wp-json\/wp\/v2\/pages"}],"about":[{"href":"https:\/\/eprotect-project.eu\/fr\/wp-json\/wp\/v2\/types\/page"}],"author":[{"embeddable":true,"href":"https:\/\/eprotect-project.eu\/fr\/wp-json\/wp\/v2\/users\/3"}],"replies":[{"embeddable":true,"href":"https:\/\/eprotect-project.eu\/fr\/wp-json\/wp\/v2\/comments?post=894"}],"version-history":[{"count":3,"href":"https:\/\/eprotect-project.eu\/fr\/wp-json\/wp\/v2\/pages\/894\/revisions"}],"predecessor-version":[{"id":2151,"href":"https:\/\/eprotect-project.eu\/fr\/wp-json\/wp\/v2\/pages\/894\/revisions\/2151"}],"wp:attachment":[{"href":"https:\/\/eprotect-project.eu\/fr\/wp-json\/wp\/v2\/media?parent=894"}],"curies":[{"name":"wp","href":"https:\/\/api.w.org\/{rel}","templated":true}]}}